{"id":14,"date":"2018-06-21T16:54:23","date_gmt":"2018-06-21T16:54:23","guid":{"rendered":"http:\/\/tanklager-farge.de\/?page_id=14"},"modified":"2020-11-16T08:27:03","modified_gmt":"2020-11-16T08:27:03","slug":"datenschutz","status":"publish","type":"page","link":"https:\/\/tanklager-farge.de\/?page_id=14","title":{"rendered":"Datenschutz"},"content":{"rendered":"<h2><strong>Datenschutzerkl\u00e4rung und<br \/>\nPflichtangaben i.S.d. Art. 13,<br \/>\n14 EU-DSGVO<\/strong><\/h2>\n<h3>Allgemeine Hinweise<\/h3>\n<h4>Hinweis zur verantwortlichen Stelle<\/h4>\n<p>Verantwortlich f\u00fcr die Datenverarbeitung auf dieser Website ist:<\/p>\n<p>\u201eB\u00fcrgerinitiative Tanklager Farge\u201c zum Schutz der Umwelt und Reinhaltung des Grundwassers in Bremen-Nord und Umgebung e. V.<\/p>\n<p>An der Amtsweide 35 c<br \/>\n28777 Bremen<br \/>\nMailpostfach: info@tanklagerfarge.de<\/p>\n<p>Wir nehmen den Schutz Ihrer pers\u00f6nlichen Daten sehr ernst und behandeln diese vertraulich und entsprechend der gesetzlichen Datenschutzvorschriften sowie dieser Datenschutzerkl\u00e4rung.<\/p>\n<p>Wenn Sie diese Website benutzen, werden verschiedene personenbezogene Daten erhoben. Personenbezogene Daten sind Daten, mit denen Sie pers\u00f6nlich identifiziert werden k\u00f6nnen. Die vorliegende Datenschutzerkl\u00e4rung erl\u00e4utert, welche Daten wir erheben und wof\u00fcr wir sie nutzen. Sie erl\u00e4utert auch, wie und zu welchem Zweck das geschieht.<\/p>\n<p>Wir weisen darauf hin, dass die Daten\u00fcbertragung im Internet (z.B. bei der Kommunikation per E-Mail) Sicherheitsl\u00fccken aufweisen kann. Ein l\u00fcckenloser Schutz der Daten vor dem Zugriff durch Dritte ist nicht m\u00f6glich.<\/p>\n<h4>Datenschutzbeauftragter<\/h4>\n<p>Wir haben f\u00fcr unseren Verein keinen Datenschutzbeauftragten bestellt.<\/p>\n<h4>Datenerfassung auf unserer Website und deren Rechtsgrundlage<\/h4>\n<h5>Cookies<\/h5>\n<p>Die Internetseiten verwenden teilweise so genannte Cookies. Cookies richten auf Ihrem Rechner keinen Schaden an und enthalten keine Viren. Cookies dienen dazu, unser Angebot nutzerfreundlicher, effektiver und sicherer zu machen. Cookies sind kleine Textdateien, die auf Ihrem Rechner abgelegt werden und die Ihr Browser speichert.<\/p>\n<p>Die meisten der von uns verwendeten Cookies sind so genannte \u201cSession-Cookies\u201d. Sie werden nach Ende Ihres Besuchs automatisch gel\u00f6scht. Andere Cookies bleiben auf Ihrem Endger\u00e4t gespeichert bis Sie diese l\u00f6schen. Diese Cookies erm\u00f6glichen es uns, Ihren Browser beim n\u00e4chsten Besuch wiederzuerkennen.<\/p>\n<p>Sie k\u00f6nnen Ihren Browser so einstellen, dass Sie \u00fcber das Setzen von Cookies informiert werden und Cookies nur im Einzelfall erlauben, die Annahme von Cookies f\u00fcr bestimmte F\u00e4lle oder generell ausschlie\u00dfen sowie das automatische L\u00f6schen der Cookies beim Schlie\u00dfen des Browser aktivieren. Bei der Deaktivierung von Cookies kann die Funktionalit\u00e4t dieser Website eingeschr\u00e4nkt sein.<\/p>\n<p>Cookies, die zur Durchf\u00fchrung des elektronischen Kommunikationsvorgangs oder zur Bereitstellung bestimmter, von Ihnen erw\u00fcnschter Funktionen (z.B. Warenkorbfunktion) erforderlich sind, werden auf Grundlage von Art. 6 Abs. 1 lit. b DSGVO gespeichert (Vertragsanbahnungen, Abwicklung eines Vertrages).<\/p>\n<h5>Server-Log-Dateien<\/h5>\n<p>Der Provider der Seiten erhebt und speichert automatisch Informationen in so genannten Server-Log-Dateien, die Ihr Browser automatisch an uns \u00fcbermittelt. Dies sind:<\/p>\n<p>Browsertyp und Browserversion<br \/>\nverwendetes Betriebssystem<br \/>\nReferrer URL<br \/>\nHostname des zugreifenden Rechners<br \/>\nUhrzeit der Serveranfrage<br \/>\nIP-Adresse<\/p>\n<p>Eine Zusammenf\u00fchrung dieser Daten mit anderen Datenquellen wird nicht vorgenommen.<\/p>\n<p>Grundlage f\u00fcr die Datenverarbeitung ist Art. 6 Abs. 1 lit. f DSGVO. Der Websitebetreiber hat ein berechtigtes Interesse an der Speicherung dieser Daten zur technisch fehlerfreien und optimierten Bereitstellung seiner Dienste.<\/p>\n<h4>Analyse Tools und Werbung<\/h4>\n<h5>Browser Plugin<\/h5>\n<p>Sie k\u00f6nnen die Speicherung der Cookies durch eine entsprechende Einstellung Ihrer Browser-Software verhindern; wir weisen Sie jedoch darauf hin, dass Sie in diesem Fall gegebenenfalls nicht s\u00e4mtliche Funktionen dieser Website vollumf\u00e4nglich werden nutzen k\u00f6nnen. Sie k\u00f6nnen dar\u00fcber hinaus die Erfassung der durch den Cookie erzeugten und auf Ihre Nutzung der Website bezogenen Daten (inkl. Ihrer IP-Adresse) an Google sowie die Verarbeitung dieser Daten durch Google verhindern, indem Sie das unter dem folgenden Link verf\u00fcgbare Browser-Plugin herunterladen und installieren: https:\/\/tools.google.com\/dlpage\/gaoptout?hl=de.<\/p>\n<h5>Google Web Fonts<\/h5>\n<p>Diese Seite nutzt zur einheitlichen Darstellung von Schriftarten so genannte Web Fonts, die von Google bereitgestellt werden. Beim Aufruf einer Seite l\u00e4dt Ihr Browser die ben\u00f6tigten Web Fonts in ihren Browsercache, um Texte und Schriftarten korrekt anzuzeigen.<\/p>\n<p>Zu diesem Zweck muss der von Ihnen verwendete Browser Verbindung zu den Servern von Google aufnehmen. Hierdurch erlangt Google Kenntnis dar\u00fcber, dass \u00fcber Ihre IP-Adresse unsere Website aufgerufen wurde. Die Nutzung von Google Web Fonts erfolgt im Interesse einer einheitlichen und ansprechenden Darstellung unserer Online-Angebote. Dies stellt ein berechtigtes Interesse im Sinne von Art. 6 Abs. 1 lit. f DSGVO dar.<\/p>\n<p>Wenn Ihr Browser Web Fonts nicht unterst\u00fctzt, wird eine Standardschrift von Ihrem Computer genutzt.<\/p>\n<p>Weitere Informationen zu Google Web Fonts finden Sie unter https:\/\/developers.google.com\/fonts\/faq und in der Datenschutzerkl\u00e4rung von Google: https:\/\/www.google.com\/policies\/privacy\/.<\/p>\n<h4>Empf\u00e4nger von personenbezogenen Daten<\/h4>\n<p>Eine Weitergabe, Verkauf oder sonstige \u00dcbermittlung Ihrer personenbezogenen Daten an Dritte erfolgt nicht, es sei denn, dass dies zum Zwecke der Vertragsabwicklung erforderlich ist oder Sie ausdr\u00fccklich eingewilligt haben.<\/p>\n<p>Ist f\u00fcr das Erbringen einer Leistung oder der Beantwortung einer Anfrage die \u00dcbermittlung der pers\u00f6nlichen Daten an einen externen Dienstleister erforderlich, stellen wir durch technische und organisatorische Ma\u00dfnahmen sicher, dass die gesetzlichen Bestimmungen des Datenschutzes i.S.d. Art. 28 EU-DSGVO eingehalten werden und verpflichten die externen Dienstleister dar\u00fcber hinaus zur Einhaltung der einschl\u00e4gigen gesetzlichen Datenschutzbestimmungen, zur vertraulichen Behandlung und der unverz\u00fcglichen L\u00f6schung der pers\u00f6nlichen Daten, sobald diese nicht mehr ben\u00f6tigt werden.<\/p>\n<h4>Pers\u00f6nliche Daten von Kindern<\/h4>\n<p>Da der Schutz der Privatsph\u00e4re von Kindern von gro\u00dfer Bedeutung ist, m\u00f6chten wir keine pers\u00f6nlichen Daten von Personen unter 18 Jahren erheben, verarbeiten oder nutzen. Falls Sie als Erziehungsberechtigte erfahren, dass Ihre Kinder ihre pers\u00f6nlichen Daten an uns \u00fcbermittelt haben, k\u00f6nnen Sie sich \u00fcber die im Impressum genannten Adressen mit uns in Verbindung setzen, wenn Sie wollen, dass die Daten gel\u00f6scht werden sollen.<\/p>\n<h4>Sicherheitsaspekte<\/h4>\n<p>Wir treffen alle notwendigen technischen und organisatorischen Sicherheitsma\u00dfnahmen, um Ihre personenbezogenen Daten vor Verlust und Missbrauch zu sch\u00fctzen. So werden Ihre Daten in einer sicheren Betriebsumgebung gespeichert, die der \u00d6ffentlichkeit nicht zug\u00e4nglich ist.<\/p>\n<p>Diese Seite nutzt zudem aus Sicherheitsgr\u00fcnden und zum Schutz der \u00dcbertragung vertraulicher Inhalte, wie zum Beispiel Bestellungen oder Anfragen, die Sie an uns als Seitenbetreiber senden, eine SSL-bzw. TLS-Verschl\u00fcsselung. Eine verschl\u00fcsselte Verbindung erkennen Sie daran, dass die Adresszeile des Browsers von \u201chttp:\/\/\u201d auf \u201chttps:\/\/\u201d wechselt und an dem Schloss-Symbol in Ihrer Browserzeile.<\/p>\n<p>Wenn die SSL- bzw. TLS-Verschl\u00fcsselung aktiviert ist, k\u00f6nnen die Daten, die Sie an uns \u00fcbermitteln, nicht von Dritten mitgelesen werden.<\/p>\n<h4>Speicherdauer<\/h4>\n<p>Ihre Daten werden grunds\u00e4tzlich nach Erf\u00fcllung des Zwecks, zu dem sie gespeichert wurden gel\u00f6scht, au\u00dfer es stehen der L\u00f6schung gesetzliche Aufbewahrungsfristen entgegen. Diese ergeben sich teilweise aus dem BGB, dem HGB oder der AO und k\u00f6nnen 2 \u2013 30 Jahre betragen.<\/p>\n<p>Nach Ablauf einer solchen Aufbewahrungspflicht werden die Daten dann endg\u00fcltig gel\u00f6scht.<\/p>\n<h4>Rechte der Betroffenen Personen<\/h4>\n<p>Sie haben das Recht auf Auskunft \u00fcber die Sie betreffenden personenbezogenen Daten sowie auf Berichtigung, L\u00f6schung oder auf Einschr\u00e4nkung der Verarbeitung. Weiterhin haben Sie ein Widerspruchsrecht gegen die Verarbeitung sowie das Recht auf Daten\u00fcbertragbarkeit. Sie k\u00f6nnen Genaueres hierzu in Abschnitt III der EU-DSGVO nachlesen.<\/p>\n<p>Unbeschadet eines anderweitigen verwaltungsrechtlichen oder gerichtlichen Rechtsbehelfs steht Ihnen das Recht auf Beschwerde bei einer Aufsichtsbeh\u00f6rde, insbesondere in dem Mitgliedstaat ihres Aufenthaltsorts, ihres Arbeitsplatzes oder des Ortes des mutma\u00dflichen Versto\u00dfes zu, wenn Sie der Ansicht sind, dass die Verarbeitung der Sie betreffenden personenbezogenen Daten gegen die EU-DSGVO verst\u00f6\u00dft.<\/p>\n<p>Die Aufsichtsbeh\u00f6rde, bei der die Beschwerde eingereicht wurde, unterrichtet den Beschwerdef\u00fchrer \u00fcber den Stand und die Ergebnisse der Beschwerde einschlie\u00dflich der M\u00f6glichkeit eines gerichtlichen Rechtsbehelfs nach Art. 78 DSGVO. Bevor Sie sich jedoch an die Aufsichtsbeh\u00f6rde wenden, m\u00f6chten wir Sie um die M\u00f6glichkeit bitten, Ihnen direkt Auskunft zu Ihren Fragen\/Bedenken geben zu k\u00f6nnen. Sie k\u00f6nnen sich hierzu direkt an folgende Stelle\/Person wenden:<\/p>\n<p>An der Amtsweide 35 c<br \/>\n28777 Bremen<br \/>\nMailpostfach: info@tanklagerfarge.de<\/p>\n","protected":false},"excerpt":{"rendered":"<p>Datenschutzerkl\u00e4rung und Pflichtangaben i.S.d. Art. 13, 14 EU-DSGVO Allgemeine Hinweise Hinweis zur verantwortlichen Stelle Verantwortlich f\u00fcr die Datenverarbeitung auf dieser Website ist: \u201eB\u00fcrgerinitiative Tanklager Farge\u201c zum Schutz der Umwelt und Reinhaltung des Grundwassers in Bremen-Nord und Umgebung e. V. An der Amtsweide 35 c 28777 Bremen Mailpostfach: info@tanklagerfarge.de Wir nehmen den Schutz Ihrer pers\u00f6nlichen Daten &hellip; <a href=\"https:\/\/tanklager-farge.de\/?page_id=14\" class=\"more-link\"><span class=\"screen-reader-text\">Datenschutz<\/span> weiterlesen<\/a><\/p>\n","protected":false},"author":1,"featured_media":0,"parent":0,"menu_order":0,"comment_status":"closed","ping_status":"closed","template":"","meta":{"footnotes":""},"class_list":["post-14","page","type-page","status-publish","hentry"],"_links":{"self":[{"href":"https:\/\/tanklager-farge.de\/index.php?rest_route=\/wp\/v2\/pages\/14","targetHints":{"allow":["GET"]}}],"collection":[{"href":"https:\/\/tanklager-farge.de\/index.php?rest_route=\/wp\/v2\/pages"}],"about":[{"href":"https:\/\/tanklager-farge.de\/index.php?rest_route=\/wp\/v2\/types\/page"}],"author":[{"embeddable":true,"href":"https:\/\/tanklager-farge.de\/index.php?rest_route=\/wp\/v2\/users\/1"}],"replies":[{"embeddable":true,"href":"https:\/\/tanklager-farge.de\/index.php?rest_route=%2Fwp%2Fv2%2Fcomments&post=14"}],"version-history":[{"count":12,"href":"https:\/\/tanklager-farge.de\/index.php?rest_route=\/wp\/v2\/pages\/14\/revisions"}],"predecessor-version":[{"id":388,"href":"https:\/\/tanklager-farge.de\/index.php?rest_route=\/wp\/v2\/pages\/14\/revisions\/388"}],"wp:attachment":[{"href":"https:\/\/tanklager-farge.de\/index.php?rest_route=%2Fwp%2Fv2%2Fmedia&parent=14"}],"curies":[{"name":"wp","href":"https:\/\/api.w.org\/{rel}","templated":true}]}}