{"id":180,"date":"2019-01-28T17:06:56","date_gmt":"2019-01-28T17:06:56","guid":{"rendered":"http:\/\/tanklager-farge.de\/?page_id=180"},"modified":"2024-06-10T06:06:59","modified_gmt":"2024-06-10T06:06:59","slug":"schleichende-ausbreitung-von-giftstoffen-alarmieren","status":"publish","type":"page","link":"https:\/\/tanklager-farge.de\/?page_id=180","title":{"rendered":"Schleichende Ausbreitung von Giftstoffen alarmieren"},"content":{"rendered":"\n<p>Seitdem\ndie Diskussionen \u00fcber die Industrialisierung des ehemaligen Tanklagergel\u00e4ndes\nin Bremen-Nord immer wieder aufflammen, ger\u00e4t die Debatte \u00fcber die notwendige\nSanierung der \u00fcber 80 Hektar gro\u00dfen Schadstofffahne, ausgehend von dem&nbsp; Verladebahnhof 2 des ehemaligen Tanklagers\nFarge, scheinbar in Vergessenheit.<\/p>\n\n\n\n<p>Die\nAntworten auf den Antrag der Blumenthaler SPD, vom 13.08.2018, und die Kleine\nAnfrage der SPD-B\u00fcrgerschaftsfraktion, vom 26.11.2018, sind fast identisch und\nklar formuliert. <em>\u201eIm Fl\u00e4chennutzungsplan\nist das Tanklager als Wald dargestellt. Eine abweichende Nutzungsart w\u00e4re mit\nKompensation der Waldfl\u00e4che verbunden. ( \u2026 ) Auf den Fl\u00e4chen des Tanklagers\nFarge hat sich ein hochwertiger Naturraum mit einer Vielzahl seltener\nLebensr\u00e4ume sowie Tieren und Pflanzen entwickelt. \u2026 Eine Umnutzung des\nTanklagers f\u00fcr eine gewerbliche Ansiedlung w\u00fcrde folglich einen erheblichen\nEingriff besonderer schwere in diesen Naturraum bedingen, (\u2026).\u201c<\/em>,&nbsp; steht in der Antwort des Senats geschrieben.<\/p>\n\n\n\n<p>Wir\nhalten die Pl\u00e4ne, das zusammenh\u00e4ngende Waldbiotop an den Bundesforst zu\n\u00fcbergeben, als gut und richtig. Hierdurch besteht die Chance einer nachhaltigen\nRegenerierung der kontaminierten Gebiete. Diese Ausrichtung zugunsten der\nBestandssicherung des Waldes und die geplante Aufforstung durch den Bund, in\neiner Zeit in der das Thema Klimawandel Generationen in aller Welt besch\u00e4ftigt,\nwerden wir unterst\u00fctzen.<\/p>\n\n\n\n<p>Durch\ndie extreme Wetterlage im letzten Jahr hat es in einigen Orten N\u00e4he Bremen in\nNiedersachsen zu Einschr\u00e4nkungen der Trinkwassernutzung gef\u00fchrt. Bremer B\u00fcrger\nk\u00f6nnen nur zum kleinen Teil auf eigenes Trinkwasser zur\u00fcckgreifen. Dieses\neinzige Wasserreservoir befindet sich in Bremen-Nord. Umso mehr verwundert&nbsp; es uns, dass die Schadstofffahne, die\nteilweise im&nbsp; Bereich des\nWasserschutzgebietes liegt, nicht so schnell wie m\u00f6glich intensiv gesichert und\nsaniert wird. Stattdessen stehen die Verunreinigungen des Grundwassers im\nTrinkwasserschutzgebiet zurzeit bei den zust\u00e4ndigen Bremer Beh\u00f6rden und die des\nBundes nur unter Beobachtung. Eine kleine In-Situ-Ma\u00dfnahme scheint an\nwasserrechtlichen Genehmigungen zu scheitern, zumindest sich zu verz\u00f6gern.\nWelche Auswirkungen dies auf die Trinkwasserversorgung aus dem Wasserwerk\nBremen-Nord haben wird, ist eine berechtigte Frage, die es wissenschaftlich zu\nbeantworten gilt. <\/p>\n\n\n\n<p>Dem\naktuellen Gutachten, dem 13. Sachstandsbericht zur Sanierung der Grundwasser im\nBereich des Verladebahnhofes 2, ist eine Ausbreitung der Giftstoffe zu\nentnehmen. Polyzyklische Aromatische Kohlenwasserstoffe (PAK) sind bereits in\nunmittelbarer N\u00e4he zum Trinkwasserentnahmebrunnen 16 (Striekenkamp) gemessen\nworden.<\/p>\n\n\n\n<p>Kann unser Trinkwasser zuk\u00fcnftig schadstofffrei und in ausreichender Menge zur Verf\u00fcgung gestellt werden? Mit diesem Thema besch\u00e4ftigt sich\u00a0 der Verein \u201eB\u00fcrgerinitiative Tanklager Farge\u201c zum Schutz der Umwelt und Reinhaltung des Grundwassers in Bremen-Nord und Umgebung.\u00a0 <br>Monatlich finden ab 19 Uhr in den R\u00e4umen der Farger Kirchengemeinde, Farger Stra\u00dfe 19, \u00f6ffentliche Arbeitskreise statt (also gern auch f\u00fcr Nichtmitglieder, Interessierte und G\u00e4ste sind willkommen!). Die aktuellen Termine finden Sie links in der Navigation unter \u201eTermine\u201c.<\/p>\n","protected":false},"excerpt":{"rendered":"<p>Seitdem die Diskussionen \u00fcber die Industrialisierung des ehemaligen Tanklagergel\u00e4ndes in Bremen-Nord immer wieder aufflammen, ger\u00e4t die Debatte \u00fcber die notwendige Sanierung der \u00fcber 80 Hektar gro\u00dfen Schadstofffahne, ausgehend von dem&nbsp; Verladebahnhof 2 des ehemaligen Tanklagers Farge, scheinbar in Vergessenheit. Die Antworten auf den Antrag der Blumenthaler SPD, vom 13.08.2018, und die Kleine Anfrage der SPD-B\u00fcrgerschaftsfraktion, &hellip; <a href=\"https:\/\/tanklager-farge.de\/?page_id=180\" class=\"more-link\"><span class=\"screen-reader-text\">Schleichende Ausbreitung von Giftstoffen alarmieren<\/span> weiterlesen<\/a><\/p>\n","protected":false},"author":1,"featured_media":0,"parent":0,"menu_order":0,"comment_status":"closed","ping_status":"closed","template":"","meta":{"footnotes":""},"class_list":["post-180","page","type-page","status-publish","hentry"],"_links":{"self":[{"href":"https:\/\/tanklager-farge.de\/index.php?rest_route=\/wp\/v2\/pages\/180","targetHints":{"allow":["GET"]}}],"collection":[{"href":"https:\/\/tanklager-farge.de\/index.php?rest_route=\/wp\/v2\/pages"}],"about":[{"href":"https:\/\/tanklager-farge.de\/index.php?rest_route=\/wp\/v2\/types\/page"}],"author":[{"embeddable":true,"href":"https:\/\/tanklager-farge.de\/index.php?rest_route=\/wp\/v2\/users\/1"}],"replies":[{"embeddable":true,"href":"https:\/\/tanklager-farge.de\/index.php?rest_route=%2Fwp%2Fv2%2Fcomments&post=180"}],"version-history":[{"count":3,"href":"https:\/\/tanklager-farge.de\/index.php?rest_route=\/wp\/v2\/pages\/180\/revisions"}],"predecessor-version":[{"id":729,"href":"https:\/\/tanklager-farge.de\/index.php?rest_route=\/wp\/v2\/pages\/180\/revisions\/729"}],"wp:attachment":[{"href":"https:\/\/tanklager-farge.de\/index.php?rest_route=%2Fwp%2Fv2%2Fmedia&parent=180"}],"curies":[{"name":"wp","href":"https:\/\/api.w.org\/{rel}","templated":true}]}}