{"id":186,"date":"2019-02-01T16:06:56","date_gmt":"2019-02-01T16:06:56","guid":{"rendered":"http:\/\/tanklager-farge.de\/?page_id=186"},"modified":"2026-04-18T08:21:11","modified_gmt":"2026-04-18T08:21:11","slug":"download","status":"publish","type":"page","link":"https:\/\/tanklager-farge.de\/?page_id=186","title":{"rendered":"Downloads"},"content":{"rendered":"\n<ul class=\"wp-block-list\">\n<li>Pr\u00e4sentation \u00f6ffentliche Sitzung vom 04.06.2025 &#8222;Aktueller Stand der Altlastenbearbeitung im Tanklager Farge&#8220;<br>[<a href=\"https:\/\/tanklager-farge.de\/wp-content\/uploads\/2025\/06\/2025.06.04-Praesentation-Verein-BI-Tanklager-Farge.pdf\" data-type=\"attachment\" data-id=\"815\" target=\"_blank\" rel=\"noreferrer noopener\">Download als PDF, 1,9 MB<\/a>]<br><br><\/li>\n\n\n\n<li>Einladung Podiumsdiskussion, Farger Kirche am 27.09.2022<br>[<a href=\"https:\/\/tanklager-farge.de\/wp-content\/uploads\/2022\/09\/Flyer-Buergerversammlung-27-September-2022-V4_0.pdf\" target=\"_blank\" rel=\"noreferrer noopener\">Download als PDF, 895KB<\/a>]<\/li>\n<\/ul>\n\n\n\n<p><\/p>\n\n\n\n<ul class=\"wp-block-list\">\n<li>Pressemitteilung, Bremen-Nord, den 15.03.2021<br>[<a href=\"https:\/\/tanklager-farge.de\/wp-content\/uploads\/2021\/03\/2021-03-15_Presseerklaerung_neu.pdf\" target=\"_blank\" rel=\"noreferrer noopener\">Download als PDF, 407KB<\/a>]<\/li>\n<\/ul>\n\n\n\n<div class=\"wp-block-file\"><\/div>\n\n\n\n<ul class=\"wp-block-list\">\n<li>Presseerkl\u00e4rung Verein BI Tanklager Farge vom 12.03.2020<br>[<a aria-label=\"Download als PDF, 405KB (\u00f6ffnet in neuem Tab)\" href=\"http:\/\/tanklager-farge.de\/wp-content\/uploads\/2020\/03\/2020.03.12-Presseerkl\u00e4rung-Verein-BI-Tanklager-Farge.pdf\" target=\"_blank\" rel=\"noreferrer noopener\">Download als PDF, 405KB<\/a>]<br><br><\/li>\n\n\n\n<li>Deputationsvorlage der Bremischen B\u00fcrgerschaft vom 04.12.2019 &#8222;Boden-und Grundwasserkontaminationen sowie R\u00fcckbauma\u00dfnahmen auf dem Gel\u00e4nde des Tanklagers in Bremen-Farge&#8220; <br>[<a aria-label=\"Download als PDF (\u00f6ffnet in neuem Tab)\" href=\"http:\/\/tanklager-farge.de\/wp-content\/uploads\/2020\/03\/04.12.2019-Bericht-der-Verwaltung.pdf\" target=\"_blank\" rel=\"noreferrer noopener\">Download als PDF<\/a>]<\/li>\n<\/ul>\n\n\n\n<ul class=\"wp-block-list\">\n<li>Antwort auf BI-Fragen vom 04.12.2019 als PDF <br>[<a aria-label=\"Download als PDF (\u00f6ffnet in neuem Tab)\" href=\"http:\/\/tanklager-farge.de\/wp-content\/uploads\/2020\/03\/579-BI_2019_12-Hafen_END-1.pdf\" target=\"_blank\" rel=\"noreferrer noopener\">Download als PDF<\/a>]<br><br><\/li>\n\n\n\n<li>Pressemitteilung Tanklager Farge e.V. vom 22.04.2019 <br>[<a href=\"http:\/\/tanklager-farge.de\/?page_id=248\">Link zur PM<\/a>] <\/li>\n<\/ul>\n\n\n\n<ul class=\"wp-block-list\">\n<li>Beiratsbeschluss vom 13.08.2018 \u2013 Biotop auf dem Tanklagergel\u00e4nde <br>[<a aria-label=\" (\u00f6ffnet in neuem Tab)\" href=\"http:\/\/tanklager-farge.de\/wp-content\/uploads\/2019\/02\/Beiratsbeschluss-vom-13.08.2018.pdf\" target=\"_blank\" rel=\"noreferrer noopener\">Download als PDF<\/a>]<\/li>\n<\/ul>\n\n\n\n<ul class=\"wp-block-list\">\n<li>Vorlage f\u00fcr die Sitzung des Senats am 15.1.2019 \u201eWelche Zukunftspl\u00e4ne gibt es f\u00fcr das Gel\u00e4nde des Tanklagers Farge?\u201c (\u201eKleine Anfrage der Fraktion der SPD\u201c) mit Antworten <br>[<a aria-label=\"Download (\u00f6ffnet in neuem Tab)\" href=\"http:\/\/tanklager-farge.de\/wp-content\/uploads\/2019\/02\/2019-01-10_Kleine_Anfrage_SPD.pdf\" target=\"_blank\" rel=\"noreferrer noopener\">Download als PDF<\/a>]<\/li>\n<\/ul>\n\n\n\n<p><strong>Wichtige Downloads Tanklager Farge e.V.<\/strong><\/p>\n\n\n\n<ul class=\"wp-block-list\">\n<li>Aufnahmeantrag Tanklager Farge e.V. <br>[<a href=\"https:\/\/tanklager-farge.de\/wp-content\/uploads\/2026\/04\/Mitgliedsantrag.pdf\" data-type=\"attachment\" data-id=\"896\" target=\"_blank\" rel=\"noreferrer noopener\">Download als PDF<\/a>]<\/li>\n<\/ul>\n\n\n\n<ul class=\"wp-block-list\">\n<li>Vereinssatzung Tanklager Farge e.V. <br>[<a aria-label=\" (\u00f6ffnet in neuem Tab)\" href=\"http:\/\/tanklager-farge.de\/wp-content\/uploads\/2019\/02\/Vereinssatzung-2013.10.11.pdf\" target=\"_blank\" rel=\"noreferrer noopener\">Downlad als PDF<\/a>]<\/li>\n<\/ul>\n\n\n\n<p><\/p>\n","protected":false},"excerpt":{"rendered":"<p>Wichtige Downloads Tanklager Farge e.V.<\/p>\n","protected":false},"author":1,"featured_media":0,"parent":0,"menu_order":0,"comment_status":"closed","ping_status":"closed","template":"","meta":{"footnotes":""},"class_list":["post-186","page","type-page","status-publish","hentry"],"_links":{"self":[{"href":"https:\/\/tanklager-farge.de\/index.php?rest_route=\/wp\/v2\/pages\/186","targetHints":{"allow":["GET"]}}],"collection":[{"href":"https:\/\/tanklager-farge.de\/index.php?rest_route=\/wp\/v2\/pages"}],"about":[{"href":"https:\/\/tanklager-farge.de\/index.php?rest_route=\/wp\/v2\/types\/page"}],"author":[{"embeddable":true,"href":"https:\/\/tanklager-farge.de\/index.php?rest_route=\/wp\/v2\/users\/1"}],"replies":[{"embeddable":true,"href":"https:\/\/tanklager-farge.de\/index.php?rest_route=%2Fwp%2Fv2%2Fcomments&post=186"}],"version-history":[{"count":50,"href":"https:\/\/tanklager-farge.de\/index.php?rest_route=\/wp\/v2\/pages\/186\/revisions"}],"predecessor-version":[{"id":897,"href":"https:\/\/tanklager-farge.de\/index.php?rest_route=\/wp\/v2\/pages\/186\/revisions\/897"}],"wp:attachment":[{"href":"https:\/\/tanklager-farge.de\/index.php?rest_route=%2Fwp%2Fv2%2Fmedia&parent=186"}],"curies":[{"name":"wp","href":"https:\/\/api.w.org\/{rel}","templated":true}]}}