{"id":291,"date":"2019-07-04T18:33:43","date_gmt":"2019-07-04T18:33:43","guid":{"rendered":"http:\/\/tanklager-farge.de\/?page_id=291"},"modified":"2026-02-15T12:07:22","modified_gmt":"2026-02-15T12:07:22","slug":"links","status":"publish","type":"page","link":"https:\/\/tanklager-farge.de\/?page_id=291","title":{"rendered":"Links"},"content":{"rendered":"\n<pre class=\"wp-block-preformatted\"><strong>Die Senatorin f\u00fcr Umwelt, Klima und Wissenschaft<\/strong><br><a href=\"https:\/\/umwelt.bremen.de\/umwelt\/boden-altlasten\/tanklager-farge-30460\">Information<\/a><a href=\"https:\/\/umwelt.bremen.de\/umwelt\/boden-altlasten\/tanklager-farge-30460\" target=\"_blank\" rel=\"noreferrer noopener\">en zur Altlast \"Tanklager Farge\"<\/a><\/pre>\n\n\n\n<pre class=\"wp-block-preformatted\"><strong>BUND Bremen-Nord<\/strong><br><a href=\"https:\/\/www.bund-bremen.net\/mitmachen\/aktiv-im-bund\/bremen-nord\/\" target=\"_blank\" rel=\"noreferrer noopener\">Die Umweltseite f\u00fcr den Bremer Norden<\/a><\/pre>\n\n\n\n<p><\/p>\n\n\n\n<p class=\"has-small-font-size\"><em><strong>wichtige Information:<\/strong><\/em><br><em> F\u00fcr die Inhalte der aufgef\u00fchrten Internetseiten ist der jeweilige Betreiber verantwortlich. <\/em><\/p>\n\n\n\n<p><\/p>\n","protected":false},"excerpt":{"rendered":"<p>Die Senatorin f\u00fcr Umwelt, Klima und WissenschaftInformationen zur Altlast &#8222;Tanklager Farge&#8220; BUND Bremen-NordDie Umweltseite f\u00fcr den Bremer Norden wichtige Information: F\u00fcr die Inhalte der aufgef\u00fchrten Internetseiten ist der jeweilige Betreiber verantwortlich.<\/p>\n","protected":false},"author":1,"featured_media":0,"parent":0,"menu_order":0,"comment_status":"closed","ping_status":"closed","template":"","meta":{"footnotes":""},"class_list":["post-291","page","type-page","status-publish","hentry"],"_links":{"self":[{"href":"https:\/\/tanklager-farge.de\/index.php?rest_route=\/wp\/v2\/pages\/291","targetHints":{"allow":["GET"]}}],"collection":[{"href":"https:\/\/tanklager-farge.de\/index.php?rest_route=\/wp\/v2\/pages"}],"about":[{"href":"https:\/\/tanklager-farge.de\/index.php?rest_route=\/wp\/v2\/types\/page"}],"author":[{"embeddable":true,"href":"https:\/\/tanklager-farge.de\/index.php?rest_route=\/wp\/v2\/users\/1"}],"replies":[{"embeddable":true,"href":"https:\/\/tanklager-farge.de\/index.php?rest_route=%2Fwp%2Fv2%2Fcomments&post=291"}],"version-history":[{"count":16,"href":"https:\/\/tanklager-farge.de\/index.php?rest_route=\/wp\/v2\/pages\/291\/revisions"}],"predecessor-version":[{"id":870,"href":"https:\/\/tanklager-farge.de\/index.php?rest_route=\/wp\/v2\/pages\/291\/revisions\/870"}],"wp:attachment":[{"href":"https:\/\/tanklager-farge.de\/index.php?rest_route=%2Fwp%2Fv2%2Fmedia&parent=291"}],"curies":[{"name":"wp","href":"https:\/\/api.w.org\/{rel}","templated":true}]}}