{"id":599,"date":"2023-05-26T05:31:55","date_gmt":"2023-05-26T05:31:55","guid":{"rendered":"https:\/\/tanklager-farge.de\/?page_id=599"},"modified":"2023-07-05T12:45:30","modified_gmt":"2023-07-05T12:45:30","slug":"bilder","status":"publish","type":"page","link":"https:\/\/tanklager-farge.de\/?page_id=599","title":{"rendered":"Bilder"},"content":{"rendered":"\n<p>Fotos vom Tanklager Farge.<\/p>\n\n\n\n<figure class=\"wp-block-image size-large is-style-default\"><img loading=\"lazy\" decoding=\"async\" width=\"1024\" height=\"684\" src=\"https:\/\/tanklager-farge.de\/wp-content\/uploads\/2023\/05\/DSC_4767_HDR-1024x684.jpg\" alt=\"\" class=\"wp-image-596\" srcset=\"https:\/\/tanklager-farge.de\/wp-content\/uploads\/2023\/05\/DSC_4767_HDR-1024x684.jpg 1024w, https:\/\/tanklager-farge.de\/wp-content\/uploads\/2023\/05\/DSC_4767_HDR-300x200.jpg 300w, https:\/\/tanklager-farge.de\/wp-content\/uploads\/2023\/05\/DSC_4767_HDR-768x513.jpg 768w, https:\/\/tanklager-farge.de\/wp-content\/uploads\/2023\/05\/DSC_4767_HDR-1536x1025.jpg 1536w, https:\/\/tanklager-farge.de\/wp-content\/uploads\/2023\/05\/DSC_4767_HDR-2048x1367.jpg 2048w\" sizes=\"auto, (max-width: 1024px) 100vw, 1024px\" \/><\/figure>\n\n\n\n<p>Der Eingang in einen Bunker.<\/p>\n\n\n\n<figure class=\"wp-block-image size-large is-resized\"><img loading=\"lazy\" decoding=\"async\" src=\"https:\/\/tanklager-farge.de\/wp-content\/uploads\/2023\/05\/DSC_4778-1024x684.jpg\" alt=\"\" class=\"wp-image-597\" width=\"690\" height=\"460\" srcset=\"https:\/\/tanklager-farge.de\/wp-content\/uploads\/2023\/05\/DSC_4778-1024x684.jpg 1024w, https:\/\/tanklager-farge.de\/wp-content\/uploads\/2023\/05\/DSC_4778-300x200.jpg 300w, https:\/\/tanklager-farge.de\/wp-content\/uploads\/2023\/05\/DSC_4778-768x513.jpg 768w, https:\/\/tanklager-farge.de\/wp-content\/uploads\/2023\/05\/DSC_4778-1536x1026.jpg 1536w, https:\/\/tanklager-farge.de\/wp-content\/uploads\/2023\/05\/DSC_4778-2048x1367.jpg 2048w\" sizes=\"auto, (max-width: 690px) 100vw, 690px\" \/><\/figure>\n\n\n\n<p>Das Maschinenhaus.<\/p>\n\n\n\n<figure class=\"wp-block-image size-large\"><img loading=\"lazy\" decoding=\"async\" width=\"1024\" height=\"684\" src=\"https:\/\/tanklager-farge.de\/wp-content\/uploads\/2023\/05\/DSC_5542_HDR-1024x684.jpg\" alt=\"\" class=\"wp-image-598\" srcset=\"https:\/\/tanklager-farge.de\/wp-content\/uploads\/2023\/05\/DSC_5542_HDR-1024x684.jpg 1024w, https:\/\/tanklager-farge.de\/wp-content\/uploads\/2023\/05\/DSC_5542_HDR-300x200.jpg 300w, https:\/\/tanklager-farge.de\/wp-content\/uploads\/2023\/05\/DSC_5542_HDR-768x513.jpg 768w, https:\/\/tanklager-farge.de\/wp-content\/uploads\/2023\/05\/DSC_5542_HDR-1536x1026.jpg 1536w, https:\/\/tanklager-farge.de\/wp-content\/uploads\/2023\/05\/DSC_5542_HDR-2048x1367.jpg 2048w\" sizes=\"auto, (max-width: 1024px) 100vw, 1024px\" \/><\/figure>\n\n\n\n<p>In einem Beh\u00e4lterblock  &#8211; Blick auf einen Tank. <\/p>\n\n\n\n<figure class=\"wp-block-image size-large\"><img loading=\"lazy\" decoding=\"async\" width=\"1024\" height=\"684\" src=\"https:\/\/tanklager-farge.de\/wp-content\/uploads\/2023\/07\/DSC_5503-1024x684.jpg\" alt=\"\" class=\"wp-image-610\" srcset=\"https:\/\/tanklager-farge.de\/wp-content\/uploads\/2023\/07\/DSC_5503-1024x684.jpg 1024w, https:\/\/tanklager-farge.de\/wp-content\/uploads\/2023\/07\/DSC_5503-300x200.jpg 300w, https:\/\/tanklager-farge.de\/wp-content\/uploads\/2023\/07\/DSC_5503-768x513.jpg 768w, https:\/\/tanklager-farge.de\/wp-content\/uploads\/2023\/07\/DSC_5503-1536x1025.jpg 1536w, https:\/\/tanklager-farge.de\/wp-content\/uploads\/2023\/07\/DSC_5503-2048x1367.jpg 2048w\" sizes=\"auto, (max-width: 1024px) 100vw, 1024px\" \/><\/figure>\n\n\n\n<p>Die Kl\u00e4ranlage im Tanklager Farge.<\/p>\n\n\n\n<figure class=\"wp-block-image size-large\"><img loading=\"lazy\" decoding=\"async\" width=\"1024\" height=\"684\" src=\"https:\/\/tanklager-farge.de\/wp-content\/uploads\/2023\/07\/DSC_5498_HDR-1024x684.jpg\" alt=\"\" class=\"wp-image-611\" srcset=\"https:\/\/tanklager-farge.de\/wp-content\/uploads\/2023\/07\/DSC_5498_HDR-1024x684.jpg 1024w, https:\/\/tanklager-farge.de\/wp-content\/uploads\/2023\/07\/DSC_5498_HDR-300x200.jpg 300w, https:\/\/tanklager-farge.de\/wp-content\/uploads\/2023\/07\/DSC_5498_HDR-768x513.jpg 768w, https:\/\/tanklager-farge.de\/wp-content\/uploads\/2023\/07\/DSC_5498_HDR-1536x1025.jpg 1536w, https:\/\/tanklager-farge.de\/wp-content\/uploads\/2023\/07\/DSC_5498_HDR-2048x1367.jpg 2048w\" sizes=\"auto, (max-width: 1024px) 100vw, 1024px\" \/><\/figure>\n\n\n\n<p>Ein EX-gesch\u00fctztes Telefon auf dem Gel\u00e4nde.<\/p>\n","protected":false},"excerpt":{"rendered":"<p>Fotos vom Tanklager Farge. Der Eingang in einen Bunker. Das Maschinenhaus. In einem Beh\u00e4lterblock &#8211; Blick auf einen Tank. Die Kl\u00e4ranlage im Tanklager Farge. Ein EX-gesch\u00fctztes Telefon auf dem Gel\u00e4nde.<\/p>\n","protected":false},"author":1,"featured_media":0,"parent":0,"menu_order":0,"comment_status":"closed","ping_status":"closed","template":"","meta":{"footnotes":""},"class_list":["post-599","page","type-page","status-publish","hentry"],"_links":{"self":[{"href":"https:\/\/tanklager-farge.de\/index.php?rest_route=\/wp\/v2\/pages\/599","targetHints":{"allow":["GET"]}}],"collection":[{"href":"https:\/\/tanklager-farge.de\/index.php?rest_route=\/wp\/v2\/pages"}],"about":[{"href":"https:\/\/tanklager-farge.de\/index.php?rest_route=\/wp\/v2\/types\/page"}],"author":[{"embeddable":true,"href":"https:\/\/tanklager-farge.de\/index.php?rest_route=\/wp\/v2\/users\/1"}],"replies":[{"embeddable":true,"href":"https:\/\/tanklager-farge.de\/index.php?rest_route=%2Fwp%2Fv2%2Fcomments&post=599"}],"version-history":[{"count":6,"href":"https:\/\/tanklager-farge.de\/index.php?rest_route=\/wp\/v2\/pages\/599\/revisions"}],"predecessor-version":[{"id":614,"href":"https:\/\/tanklager-farge.de\/index.php?rest_route=\/wp\/v2\/pages\/599\/revisions\/614"}],"wp:attachment":[{"href":"https:\/\/tanklager-farge.de\/index.php?rest_route=%2Fwp%2Fv2%2Fmedia&parent=599"}],"curies":[{"name":"wp","href":"https:\/\/api.w.org\/{rel}","templated":true}]}}