{"id":88,"date":"2018-09-19T16:24:38","date_gmt":"2018-09-19T16:24:38","guid":{"rendered":"http:\/\/tanklager-farge.de\/?page_id=88"},"modified":"2026-02-15T12:47:05","modified_gmt":"2026-02-15T12:47:05","slug":"vereinssatzung","status":"publish","type":"page","link":"https:\/\/tanklager-farge.de\/?page_id=88","title":{"rendered":"Vereinssatzung"},"content":{"rendered":"\n<p class=\"has-text-align-center\">-> <a href=\"http:\/\/tanklager-farge.de\/wp-content\/uploads\/2019\/02\/Vereinssatzung-2013.10.11.pdf\" target=\"_blank\" rel=\"noreferrer noopener\">Download der Vereinssatzung als PDF-Dokument<\/a> &lt;-<\/p>\n\n\n<div id=\"page\" class=\"hfeed\">\n<div id=\"main\">\n<div id=\"primary\">\n<div id=\"content\" role=\"main\">\n<article id=\"post-953\" class=\"post-953 page type-page status-publish hentry\">\n<div class=\"entry-content\">\n<p><strong>Hinweis:<\/strong> der Verein ist anerkannt <strong>gemeinn\u00fctzig<\/strong> und berechtigt f\u00fcr Spenden ab 50 Euro und Mitgliedsbeitr\u00e4ge Zuwendungsbest\u00e4tigungen nach amtlich vorgeschriebenem Vordruck (\u00a750 Abs. 1 EStDV), auszustellen!<\/p>\n<h2 style=\"text-align: left;\" align=\"center\"><b>Satzung\u00a0 des\u00a0 Vereins \u201eB\u00fcrgerinitiative Tanklager Farge\u201c zum Schutz der Umwelt und Reinhaltung des Grundwassers in Bremen-Nord und Umgebung e.V.<br \/>\n<\/b><\/h2>\n<p style=\"text-align: left;\" align=\"center\"><b>Vereinsregister Amtsgericht Bremen<br \/>\nAktenzeichen VR 7731 HB<br \/>\n<\/b><\/p>\n<h3>INHALT<\/h3>\n<p><b>\u00a7 1 Name und Sitz<\/b><br \/>\n<b>\u00a7 2 Zweck des Vereins<\/b><br \/>\n<b>\u00a7 3 Gemeinn\u00fctzigkeit<\/b><br \/>\n<b>\u00a7 4 Erwerb der Mitgliedschaft<\/b><br \/>\n<b>\u00a7 5 Mitgliedsbeitr\u00e4ge<\/b><br \/>\n<b>\u00a7 6 Beendigung der Mitgliedschaft<\/b><br \/>\n<b>\u00a7 7 Organe des Vereins<\/b><br \/>\n<b>\u00a7 8 Mitgliederversammlung<\/b><br \/>\n<b>\u00a7 9 Vorstand<\/b><br \/>\n<b>\u00a7 10 Rechnungswesen<\/b><br \/>\n<b>\u00a7 11 Revision\/Kassenpr\u00fcfung<\/b><br \/>\n<b>\u00a7 12 Satzungs\u00e4nderungen<\/b><br \/>\n<b>\u00a7 13 Aufl\u00f6sung des Vereins<\/b><\/p>\n<p><a name=\"\u00a71\"><\/a><\/p>\n<h2 align=\"center\"><b>\u00a7 1 Name und Sitz<\/b><\/h2>\n<ol>\n<li>Der Verein f\u00fchrt den Namen \u201eB\u00fcrgerinitiative Tanklager Farge zum Schutz der Umwelt und Reinhaltung des Grundwassers in Bremen-Nord und Umgebung e.V.\u201c<\/li>\n<li>Der Sitz des Vereins ist Bremen.<\/li>\n<li>Der Verein ist in dem \u00a0Vereinsregister unter der Nummer VR 7731 HB eingetragen.<\/li>\n<\/ol>\n<h3><a href=\"http:\/\/tanklager-farge.de\/?page_id=88\">nach oben<\/a><\/h3>\n<p><a name=\"\u00a72\"><\/a><\/p>\n<h2 align=\"center\"><b>\u00a7 2 Zweck des Vereins<\/b><\/h2>\n<p>Zweck des Vereins ist der Gesundheitsschutz der Bev\u00f6lkerung durch den Erhalt der nat\u00fcrlichen Grund- und Trinkwasserressourcen in Bremen-Nord und Umgebung.<\/p>\n<p>Anliegen des Vereins ist die Sicherstellung der nachhaltigen und vollst\u00e4ndigen Sanierung kontaminierter Gebiete. Der Verein m\u00f6chte sich ferner f\u00fcr die Vermeidung weiterer Kontaminationen einsetzen.<\/p>\n<p>Der Verein f\u00f6rdert des Weiteren die Volksbildung, in dem er die \u00d6ffentlichkeit \u00fcber die Gesundheitsgefahren im Zusammenhang mit der Nutzung von kontaminiertem Erdreich, Grundwasser und Luft informieren. Insbesondere \u00a0kl\u00e4rt der Verein die \u00d6ffentlichkeit \u00fcber die Auswirkungen sch\u00e4dlicher Ver\u00e4nderungen auf das Erdreich sowie Grund-, Trinkwasser, Luft und Gesundheit auf.<\/p>\n<p>Der Verein f\u00fchrt alle ihm zur Erreichung des Vereinszwecks geeignet erscheinenden Ma\u00dfnahmen, unter Beachtung der bestehenden Gesetze und demokratischen Grundwerte, durch.<\/p>\n<h3><a href=\"http:\/\/tanklager-farge.de\/?page_id=88\">nach oben<\/a><\/h3>\n<p><a name=\"\u00a73\"><\/a><\/p>\n<h2><b>\u00a7 3 Gemeinn\u00fctzigkeit<\/b><\/h2>\n<ol>\n<li>Der Verein verfolgt ausschlie\u00dflich und unmittelbar gemeinn\u00fctzige Zwecke im Sinne des Abschnitts \u201eSteuerbeg\u00fcnstigte Zwecke\u201c aus der Abgabenordnung.<\/li>\n<li>Der Verein ist selbstlos t\u00e4tig. Er verfolgt nicht in erster Linie eigenwirtschaftliche Ziele.<\/li>\n<li>Die Mittel des Vereins d\u00fcrfen nur f\u00fcr die satzungsgem\u00e4\u00dfen Aufgaben verwendet werden. Die Mitglieder erhalten, abgesehen von Aufwandsersatz f\u00fcr die Erf\u00fcllung ihrer satzungsgem\u00e4\u00dfen Aufgaben, keine Zuwendungen aus den Mitteln des Vereins.<\/li>\n<li>Es darf keine Person durch Ausgaben, die dem Zweck des Vereins fremd oder unverh\u00e4ltnism\u00e4\u00dfig sind, beg\u00fcnstigt werden.<\/li>\n<li>Ausgeschiedene Mitglieder haben keinen Anspruch auf einen Anteil des Vereinsverm\u00f6gens.<\/li>\n<li>Die Vereins\u00e4mter werden grunds\u00e4tzlich ehrenamtlich ausge\u00fcbt. Ein dem Kassenwart nachgewiesener und vom Vorstand gepr\u00fcfter Auslagenersatz ist zul\u00e4ssig.<\/li>\n<\/ol>\n<h3><a href=\"http:\/\/tanklager-farge.de\/?page_id=88\">nach oben<\/a><\/h3>\n<h2><b>\u00a7 4 Erwerb der Mitgliedschaft<\/b><\/h2>\n<ol>\n<li>Die Mitgliedschaft im Verein k\u00f6nnen nat\u00fcrliche Personen, die sich zu den in der Satzung niedergelegten Grunds\u00e4tzen bekennen, ab dem vollendeten 16. Lebensjahr erwerben.<\/li>\n<li>\u00dcber die Aufnahme als Mitglied entscheidet der Vorstand auf schriftlichen Antrag\u00a0 hin. Dieser entscheidet mit einfacher Mehrheit, ob dem Aufnahmeantrag entsprochen wird. Die Entscheidung des Vorstandes muss nicht begr\u00fcndet werden.<\/li>\n<li>Gegen eine eventuelle Ablehnung des Aufnahmeantrages ist Widerspruch m\u00f6glich. Der Widerspruch ist binnen eines Monats, nach Zugang der Ablehnung, schriftlich beim Vorstand einzulegen. Die n\u00e4chste planm\u00e4\u00dfige Mitgliederversammlung entscheidet dann mit einfacher Mehrheit \u00fcber den Aufnahmeantrag. Die Entscheidung der Mitgliederversammlung muss nicht begr\u00fcndet werden.<\/li>\n<\/ol>\n<h3><a href=\"http:\/\/tanklager-farge.de\/?page_id=88\">nach oben<\/a><\/h3>\n<h2 align=\"center\"><b>\u00a7 5 Mitgliedsbeitr\u00e4ge<\/b><\/h2>\n<ol>\n<li>Von den Mitgliedern werden j\u00e4hrlich Mitgliedsbeitr\u00e4ge erhoben. Die Beitr\u00e4ge sind im 1. Quartal des Jahres f\u00e4llig, bei neuen Mitgliedern innerhalb eines Monats nach Vereinseintritt.<\/li>\n<li>Die H\u00f6he des Mitgliedsbeitrages wird jeweils von der Mitgliederversammlung beschlossen.<\/li>\n<li>Personen, die sich um den Verein besonders verdient gemacht haben, k\u00f6nnen auf Vorschlag des Vorstandes von der Mitgliederversammlung zum Ehrenmitglied ernannt werden. Ehrenmitglieder sind beitragsfrei.<\/li>\n<li>Zur finanziellen F\u00f6rderung des Vereinszwecks ist die F\u00f6rdermitgliedschaft ohne Wahrnehmung der Mitgliedsrechte m\u00f6glich.<b><br \/>\n<\/b><\/li>\n<\/ol>\n<h3><a href=\"http:\/\/tanklager-farge.de\/?page_id=88\">nach oben<\/a><\/h3>\n<p><a name=\"\u00a76\"><\/a><\/p>\n<h2 align=\"center\"><b>\u00a7 6 Beendigung der Mitgliedschaft<\/b><\/h2>\n<ol>\n<li>Die Mitgliedschaft wird beendet durch<\/li>\n<\/ol>\n<p>a)\u00a0\u00a0\u00a0 Tod<\/p>\n<p>b)\u00a0\u00a0\u00a0 Austritt<br \/>\nDie schriftliche Austrittserkl\u00e4rung muss dem Vorstand sp\u00e4testens 6 Wochen vor Jahresende\u00a0zugegangen sein.<\/p>\n<p>c)\u00a0\u00a0\u00a0 Ausschluss<br \/>\nEin Mitglied kann durch Beschluss des Vorstandes ausgeschlossen oder es k\u00f6nnen ihm einzelne Mitgliedschaftsrechte, bei grobem Versto\u00df gegen die Vereinsinteressen oder wenn durch sein Verhalten oder durch ehrloses Handeln das Ansehen des Vereins gesch\u00e4digt wird, aberkannt werden. Die Entscheidung des Vorstandes muss nicht begr\u00fcndet werden.<\/p>\n<p>F\u00fcr das Mitglied besteht ein Einspruchsrecht, das von der ordentlichen Mitgliederversammlung zu beraten ist. Die Mitgliedsrechte ruhen w\u00e4hrend des Verfahrens. Gegen den Beschluss der Mitgliederversammlung besteht kein Einspruchsrecht. Die Entscheidung der Mitgliederversammlung muss nicht begr\u00fcndet werden.<\/p>\n<p>d)\u00a0\u00a0\u00a0 Streichung der Mitgliedschaft,<br \/>\nwenn das Mitglied trotz zweimaliger Mahnung mit mehr als einem Jahresbeitrag im R\u00fcckstand ist.<\/p>\n<ol>\n<li>Bei Ausscheiden aus dem Verein hat ein Mitglied keinen Anspruch auf Anteile des Vereinsverm\u00f6gens.<\/li>\n<li>Eine R\u00fcckzahlung zu viel gezahlter Beitr\u00e4ge erfolgt nicht.<\/li>\n<\/ol>\n<h3><a href=\"http:\/\/tanklager-farge.de\/?page_id=88\">nach oben<\/a><\/h3>\n<p><a name=\"\u00a77\"><\/a><\/p>\n<h2 align=\"center\"><b>\u00a7 7 Organe des Vereins<\/b><\/h2>\n<p>Organe des Vereins sind der Vorstand und die Mitgliedsversammlung<\/p>\n<h3><a href=\"http:\/\/tanklager-farge.de\/?page_id=88\">nach oben<\/a><\/h3>\n<p><a name=\"\u00a78\"><\/a><\/p>\n<h2 align=\"center\"><b>\u00a7 8 Mitgliederversammlung<\/b><\/h2>\n<ol>\n<li>Die Mitgliederversammlung setzt sich zusammen aus der Gesamtheit der Mitglieder. Sie\u00a0findet einmal j\u00e4hrlich statt und ist ohne R\u00fccksicht auf die Zahl der erschienen Mitglieder beschlussf\u00e4hig.<\/li>\n<li>Der Vorstand l\u00e4dt die Mitglieder unter Einhaltung einer Frist von zwei Wochen schriftlich, per Email oder durch Bekanntgabe im BLV mit Angaben der Tagesordnung, ein.<\/li>\n<li>Auf Beschluss des Vorstandes oder auf Antrag von mindestens einem Drittel der Mitglieder, ist eine au\u00dferordentliche Mitgliederversammlung einzuberufen.<\/li>\n<li>Die Mitgliederversammlung nimmt die Jahresberichte und den Pr\u00fcfungsbericht \u00fcber den Berichtszeitraum entgegen und beschlie\u00dft \u00fcber die Entlastung des Vorstandes.<\/li>\n<li>Alle drei Jahre w\u00e4hlt sie den Vorstand und mindestens zwei Revisor\/innen (Kassenpr\u00fcferInnen).<\/li>\n<li>Die Mitgliederversammlung legt die Zahl der Beisitzer\/-innen im Vorstand fest.<\/li>\n<li>Der jeweilige Vorstand bleibt bis zur Neuwahl im Amt.<\/li>\n<li>Jedes Mitglied hat eine Stimme. Die \u00dcbertragung des Stimmrechts auf Dritte ist ausgeschlossen.<\/li>\n<li>Beschl\u00fcsse werden mit einfacher Mehrheit der abgegebenen Stimmen gefasst. Enthaltungen gelten als nicht abgegebene Stimmen. Bei Stimmengleichheit entscheidet die Stimme des\/der Vorsitzenden.<\/li>\n<li>Beschl\u00fcsse mit einer \u00c4nderung der Satzung oder \u00fcber die Aufl\u00f6sung des Vereins bed\u00fcrfen einer Mehrheit von drei Vierteln der erschienenen Mitglieder.<\/li>\n<li>Satzungs\u00e4nderungen und der Beschluss \u00fcber die Aufl\u00f6sung des Vereins, sind dem zust\u00e4ndigen Finanzamt anzuzeigen. Satzungs\u00e4nderungen, welche die die gemeinn\u00fctzigen Zwecke betreffen, bed\u00fcrfen der Genehmigung des zust\u00e4ndigen Finanzamtes.<\/li>\n<li>\u00dcber die Beschl\u00fcsse der Mitgliederversammlungen ist ein Protokoll anzufertigen, das von der\/dem Vorsitzenden und einem weiteren Vorstandsmitglied zu unterzeichnen ist. Diese Niederschrift muss den Mitgliedern innerhalb von sechs Wochen auf Aufforderung zug\u00e4nglich sein. Einwendungen k\u00f6nnen nur innerhalb eines Monats, nachdem die Niederschrift zug\u00e4nglich gemacht worden ist, erhoben werden.<\/li>\n<\/ol>\n<h3><a href=\"http:\/\/tanklager-farge.de\/?page_id=88\">nach oben<\/a><\/h3>\n<p><a name=\"\u00a79\"><\/a><\/p>\n<h2 align=\"center\"><b>\u00a7 9 Vorstand<\/b><\/h2>\n<p>Vorstand im Sinne des \u00a7 26 BGB sind der 1. Vorsitzende, der 2. Vorsitzende und ein Beisitzer (der stellvertretende Vorsitzende).<\/p>\n<p>Der Verein wird gem\u00e4\u00df \u00a7 26 BGB gerichtlich und au\u00dfergerichtlich durch jeweils zwei dieser Vorstandsmitglieder gemeinsam vertreten.<\/p>\n<p>Zum erweiterten Vorstand geh\u00f6ren:<\/p>\n<ul>\n<li>der Schatzmeister<\/li>\n<li>der Schriftf\u00fchrer<\/li>\n<li>weitere Beisitzer, deren Zahl jeweils auf Vorschlag des Vorstandes von der Mitgliederzahl festgelegt wird.<\/li>\n<\/ul>\n<p>Scheidet zwischen zwei Mitgliederversammlungen ein Vorstandsmitglied aus, kann nachgew\u00e4hlt werden. Alternativ kann der Vorstand ein Mitglied kommissarisch bis zur Neuwahl benennen.<\/p>\n<h3>Aufgaben:<\/h3>\n<p>Der Vorstand f\u00fchrt die laufenden Gesch\u00e4fte des Vereins. Er ist insbesondere zust\u00e4ndig f\u00fcr:<\/p>\n<ul>\n<li>die Aufnahme von Mitgliedern,<\/li>\n<li>die Aufstellung des Haushaltplanes und des Jahresberichtes,<\/li>\n<li>die Vorbereitung und Einberufung der Mitgliederversammlungen,<\/li>\n<li>die Durchf\u00fchrung und Umsetzung des Satzungszwecks und<\/li>\n<li>alle Angelegenheiten des Vereins, soweit sie nicht durch Satzung der Mitgliederversammlung zugewiesen sind.<\/li>\n<\/ul>\n<p>Der Vorstand \u00a0kann zur Erf\u00fcllung seiner Aufgaben Arbeitsgruppen einsetzen.<\/p>\n<p>Der Vorstand ist beschlussf\u00e4hig, wenn mindestens die H\u00e4lfte seiner Mitglieder erschienen ist.<\/p>\n<p>Beschl\u00fcsse des Vorstandes werden mit einfacher Mehrheit der abgegebenen Stimmen gefasst. Enthaltungen gelten als nicht abgegebene Stimmen. Ein Vorstandsbeschluss kann auch auf schriftlichem Wege gefasst werden, wenn ein Vorstandsmitglied auf diesem Verfahren besteht.<\/p>\n<p>Der Vorstand nach \u00a7 26 BGB tr\u00e4gt die Gesamtverantwortung f\u00fcr die Aufgabenwahrnehmung. F\u00fcr ein Verschulden der ehrenamtlichen Vorstandsmitglieder, bei der Ausf\u00fchrung der ihnen obliegenden Verrichtungen, haftet ausschlie\u00dflich der Verein. Im Innenverh\u00e4ltnis stellt der Verein die Vorstandsmitglieder von der Haftung gegen\u00fcber Dritten frei. Ausgenommen ist die Haftung f\u00fcr die ein Erlass im Voraus ausgeschlossen ist sowie f\u00fcr F\u00e4lle der groben Fahrl\u00e4ssigkeit oder Vorsatz.<\/p>\n<h3><a href=\"http:\/\/tanklager-farge.de\/?page_id=88\">nach oben<\/a><\/h3>\n<p><a name=\"\u00a710\"><\/a><\/p>\n<h2 align=\"center\"><b>\u00a7 10 Rechnungswesen<\/b><\/h2>\n<p>Das Rechnungswesen hat den Grunds\u00e4tzen kaufm\u00e4nnischer Buchf\u00fchrung zu entsprechen.<\/p>\n<h3><a href=\"http:\/\/tanklager-farge.de\/?page_id=88\">nach oben<\/a><\/h3>\n<p><a name=\"\u00a711\"><\/a><\/p>\n<h2 align=\"center\"><b>\u00a7 11 Revision\/Kassenpr\u00fcfung<\/b><\/h2>\n<p>Die Revisoren\/Revisor\/-innen (Kassenpr\u00fcfer\/-innen) d\u00fcrfen nicht Mitglied des amtierenden Vorstandes sein. Sie sind im Auftrag der Mitglieder zur Aufsicht und zur Pr\u00fcfung verpflichtet und kontrollieren die ordentliche Buchf\u00fchrung des Vereins. Die Pr\u00fcfung hat mindestens einmal j\u00e4hrlich im Hinblick darauf statt zu finden, dass die tats\u00e4chliche Gesch\u00e4ftsf\u00fchrung dem Satzungszweck entspricht.<\/p>\n<h3><a href=\"http:\/\/tanklager-farge.de\/?page_id=88\">nach oben<\/a><\/h3>\n<p><a name=\"\u00a712\"><\/a><\/p>\n<h2>\u00a0<b>\u00a7 12 Satzungs\u00e4nderungen<\/b><\/h2>\n<p>Der Vorstand ist erm\u00e4chtigt Satzungs\u00e4nderungen, die das Registergericht oder das Finanzamt verlangen, vorzunehmen und die Vereinsatzung entsprechend anzupassen. Das Votum der Mitglieder ist bei der n\u00e4chsten ordentlichen Mitgliederversammlung nachzuholen.<\/p>\n<h3><a href=\"http:\/\/tanklager-farge.de\/?page_id=88\">nach oben<\/a><\/h3>\n<p><a name=\"\u00a713\"><\/a><\/p>\n<h2 align=\"center\"><b>\u00a7 13 Aufl\u00f6sung des Vereins<\/b><\/h2>\n<ol>\n<li>Die Aufl\u00f6sung des Vereins kann nur die Mitgliederversammlung mit einer Mehrheit von drei Viertel der erschienen Mitglieder beschlie\u00dfen.<\/li>\n<li>Bei Aufl\u00f6sung des Vereins oder bei Wegfall steuerbeg\u00fcnstigter Zwecke f\u00e4llt das Verm\u00f6gen des Vereins an den Bund f\u00fcr Umwelt und Naturschutz Deutschland\u00a0 e. V. (BUND), der es unmittelbar und ausschlie\u00dflich f\u00fcr gemeinn\u00fctzige, mildt\u00e4tige oder kirchliche Zwecke zu verwenden hat.<\/li>\n<li>Die Mitglieder erhalten bei Aufl\u00f6sung des Vereins keine Anteile des Vereinsverm\u00f6gens.<\/li>\n<\/ol>\n<h3><a href=\"http:\/\/tanklager-farge.de\/?page_id=88\">nach oben<\/a><\/h3>\n<p>Beschlossen durch die Mitglieder am 06.08.2013<\/p>\n<\/div>\n<footer class=\"entry-meta\"><\/footer>\n<\/article>\n<div id=\"comments\">\n<div id=\"respond\" class=\"comment-respond js\"><\/div>\n<\/div>\n<\/div>\n<\/div>\n<\/div>\n<\/div>\n<p>&nbsp;<\/p>","protected":false},"excerpt":{"rendered":"<p>-> Download der Vereinssatzung als PDF-Dokument &lt;- Hinweis: der Verein ist anerkannt gemeinn\u00fctzig und berechtigt f\u00fcr Spenden ab 50 Euro und Mitgliedsbeitr\u00e4ge Zuwendungsbest\u00e4tigungen nach amtlich vorgeschriebenem Vordruck (\u00a750 Abs. 1 EStDV), auszustellen! Satzung\u00a0 des\u00a0 Vereins \u201eB\u00fcrgerinitiative Tanklager Farge\u201c zum Schutz der Umwelt und Reinhaltung des Grundwassers in Bremen-Nord und Umgebung e.V. Vereinsregister Amtsgericht Bremen Aktenzeichen &hellip; <a href=\"https:\/\/tanklager-farge.de\/?page_id=88\" class=\"more-link\"><span class=\"screen-reader-text\">Vereinssatzung<\/span> weiterlesen<\/a><\/p>\n","protected":false},"author":1,"featured_media":0,"parent":0,"menu_order":0,"comment_status":"closed","ping_status":"closed","template":"","meta":{"footnotes":""},"class_list":["post-88","page","type-page","status-publish","hentry"],"_links":{"self":[{"href":"https:\/\/tanklager-farge.de\/index.php?rest_route=\/wp\/v2\/pages\/88","targetHints":{"allow":["GET"]}}],"collection":[{"href":"https:\/\/tanklager-farge.de\/index.php?rest_route=\/wp\/v2\/pages"}],"about":[{"href":"https:\/\/tanklager-farge.de\/index.php?rest_route=\/wp\/v2\/types\/page"}],"author":[{"embeddable":true,"href":"https:\/\/tanklager-farge.de\/index.php?rest_route=\/wp\/v2\/users\/1"}],"replies":[{"embeddable":true,"href":"https:\/\/tanklager-farge.de\/index.php?rest_route=%2Fwp%2Fv2%2Fcomments&post=88"}],"version-history":[{"count":12,"href":"https:\/\/tanklager-farge.de\/index.php?rest_route=\/wp\/v2\/pages\/88\/revisions"}],"predecessor-version":[{"id":886,"href":"https:\/\/tanklager-farge.de\/index.php?rest_route=\/wp\/v2\/pages\/88\/revisions\/886"}],"wp:attachment":[{"href":"https:\/\/tanklager-farge.de\/index.php?rest_route=%2Fwp%2Fv2%2Fmedia&parent=88"}],"curies":[{"name":"wp","href":"https:\/\/api.w.org\/{rel}","templated":true}]}}